{"id":2774,"date":"2023-12-08T21:13:36","date_gmt":"2023-12-08T21:13:36","guid":{"rendered":"https:\/\/associationsadio.org\/?page_id=2774"},"modified":"2023-12-08T21:51:48","modified_gmt":"2023-12-08T21:51:48","slug":"a-propos-de-nous","status":"publish","type":"page","link":"https:\/\/associationsadio.org\/index.php\/a-propos-de-nous\/","title":{"rendered":"\u00c0 propos de nous"},"content":{"rendered":"<div class=\"wpb-content-wrapper\"><p>[vc_row wrap_container=&#8221;yes&#8221; css=&#8221;.vc_custom_1543633105180{padding-top: 40px !important;}&#8221;][vc_column width=&#8221;1\/4&#8243;][\/vc_column][vc_column width=&#8221;1\/2&#8243;][vc_column_text]<img loading=\"lazy\" decoding=\"async\" class=\"alignnone size-full wp-image-2775 alignleft\" src=\"https:\/\/associationsadio.org\/wp-content\/uploads\/2023\/12\/IMG-20200119-WA0003-216x300-1.jpg\" alt=\"\" width=\"216\" height=\"300\" \/><br \/>\nD\u00e9tentrice d\u2019un Bachelor en finances et d\u2019un Msc en \u00e9conomie financi\u00e8re appliqu\u00e9e d\u2019HEC Montreal, Mme Niono Aminata est une femme \u201cmultidimensionnelle\u201d et Multi tasks. Apr\u00e8s les march\u00e9s financiers Montr\u00e9alais, Aminata rentre au Mali et fait de la cause f\u00e9minine son cheval de bataille. Croyant fermement \u00e0 l\u2019importance de la femme sur l\u2019\u00e9chiquier \u00e9conomique et social, Aminata d\u00e9cide avec Arame Fall, de lancer le Gala annuel du Sadio. L\u2019 ambition de ce gala \u00e9tant de primer les femmes d\u2019exception du Mali et de motiver les autres femmes \u00e0 se r\u00e9aliser dans les domaines qu\u2019elles souhaitent. Le Gala se prolonge depuis 2017 en un magazine bimestriel gratuit: Le Sadio Mag et en une Association : SADIO. Leur but \u00e9tant de mettre en lumi\u00e8re des parcours de femmes inspirantes.[\/vc_column_text][vc_separator][vc_column_text]<img loading=\"lazy\" decoding=\"async\" class=\"alignnone size-full wp-image-2775 alignright\" src=\"https:\/\/associationsadio.org\/wp-content\/uploads\/2023\/12\/IMG-20200119-WA0003-216x300-1.jpg\" alt=\"\" width=\"216\" height=\"300\" \/>Ndeye Arame Thioune Fall: Profond\u00e9ment marqu\u00e9e lors d\u2019une visite du village d\u2019enfants SOS de DAKAR, organis\u00e9e par son Lycee, elle se promet plus tard d\u2019apporter sa contribution au mieux-\u00eatre de sa communaut\u00e9\u2026. 25 ans plus tard, toujours id\u00e9aliste, apr\u00e8s des \u00e9tudes sup\u00e9rieures en communication, quelques ann\u00e9es en tant qu\u2019enseignante dans une \u00e9cole de journalisme, consultant-coach, responsable qualit\u00e9 et communication dans l\u2019industrie, Arame fonde avec sa s\u0153ur de c\u0153ur Aminata Osmose Events. Le concept du Sadio \u00e9tait n\u00e9 pour mettre en lumi\u00e8re ces femmes qui, tous les jours oeuvrent pour le bien-\u00eatre de la soci\u00e9t\u00e9[\/vc_column_text][vc_separator][vc_column_text]<img loading=\"lazy\" decoding=\"async\" class=\"alignnone size-full wp-image-2775 alignleft\" src=\"https:\/\/associationsadio.org\/wp-content\/uploads\/2023\/12\/IMG-20200119-WA0003-216x300-1.jpg\" alt=\"\" width=\"216\" height=\"300\" \/><br \/>\nAmy Fanny-Tognisso est dipl\u00f4m\u00e9e d\u2019une Grande Ecole de commerce fran\u00e7aise et a obtenu un MBA et un dipl\u00f4me d\u2019expertise comptable aux Etats-Unis. Elle cumule 14 ans d\u2019exp\u00e9rience en audit et en investissement en travaillant notamment dans diff\u00e9rentes institutions financi\u00e8res (fonds de capital investissement, cabinet de conseil et la SFI, Soci\u00e9t\u00e9 Financi\u00e8re Internationale du groupe Banque Mondiale). Amy est r\u00e9guli\u00e8rement invit\u00e9e \u00e0 participer \u00e0 diff\u00e9rents jurys de concours de start-up et \u00e0 partager son exp\u00e9rience dans la finance et l\u2019investissement dans de programmes de mentorat de jeunes entrepreneurs. Elle a r\u00e9cemment fait le choix de cr\u00e9er sa propre entreprise dans le domaine de la valorisation des mati\u00e8res premi\u00e8res locales pour le secteur de la cosm\u00e9tique et du bien-\u00eatre.[\/vc_column_text][vc_separator][vc_column_text]<img loading=\"lazy\" decoding=\"async\" class=\"alignnone size-full wp-image-2775 alignright\" src=\"https:\/\/associationsadio.org\/wp-content\/uploads\/2023\/12\/IMG-20200119-WA0003-216x300-1.jpg\" alt=\"\" width=\"216\" height=\"300\" \/><span class=\"s1\">Salimata Togora est \u00e9crivaine dramaturge, nouvelliste et po\u00e9tesse malienne. Elle est auteure de\u00a0<\/span><span class=\"s1\">plusieurs pi\u00e8ces de th\u00e9\u00e2tre et de nouvelles. Ses po\u00e8mes sont publi\u00e9s dans l\u2019anthologie de la po\u00e9sie malienne. Son \u00e9criture engag\u00e9e porte entre autres sur les probl\u00e9matiques f\u00e9minines et la soci\u00e9t\u00e9 malienne.\u00a0<\/span><span class=\"s1\">Math\u00e9maticienne de formation, Salimata Togora est aussi consultante et travaille dans les projets de d\u00e9veloppement durable comme sp\u00e9cialiste en suivi-\u00e9valuation et sp\u00e9cialiste de l\u2019autonomisation des femmes.<\/span>[\/vc_column_text][vc_separator][vc_column_text]<img loading=\"lazy\" decoding=\"async\" class=\"alignnone size-full wp-image-2775 alignleft\" src=\"https:\/\/associationsadio.org\/wp-content\/uploads\/2023\/12\/IMG-20200119-WA0003-216x300-1.jpg\" alt=\"\" width=\"216\" height=\"300\" \/><\/p>\n<p>Juliette Ba MAIRESSE est journaliste de formation. Apr\u00e8s avoir travaill\u00e9 plus de 20 ans dans les m\u00e9dias, comme animatrice TV et Radio, elle est aujourd\u2019hui Coach Zen, Mieux-\u00catre et Happyn\u2019S et anime deux cha\u00eenes Youtube consacr\u00e9es \u00e0 l\u2019Endom\u00e9triose et \u00e0 l\u2019 \u00c9panouissement de la Femme Africaine.[\/vc_column_text][vc_separator][vc_empty_space height=&#8221;42px&#8221;][vc_column_text]<img loading=\"lazy\" decoding=\"async\" class=\"alignnone size-full wp-image-2775 alignright\" src=\"https:\/\/associationsadio.org\/wp-content\/uploads\/2023\/12\/IMG-20200119-WA0003-216x300-1.jpg\" alt=\"\" width=\"216\" height=\"300\" \/><\/p>\n<p>Fary DIOUM \u00e0 30 ans est informaticienne de formation. Elle se passionne de cuisine en particuliers de p\u00e2tisserie d\u00e8s son plus jeune \u00e2ge. Autodidacte, une technique acquise majoritaire sur internet, plusieurs g\u00e2teaux cram\u00e9s et quiches douteuses plus tard, sa cuisine est devenu son terrain de jeux favoris. Avec toujours une volont\u00e9 de tenter de nouvelles saveurs et relever de nouveaux d\u00e9fis culinaires. Elle partage ses r\u00e9alisations et recettes sur les r\u00e9seaux sociaux.[\/vc_column_text][vc_separator][vc_column_text]<img loading=\"lazy\" decoding=\"async\" class=\"alignnone size-full wp-image-2775 alignleft\" src=\"https:\/\/associationsadio.org\/wp-content\/uploads\/2023\/12\/IMG-20200119-WA0003-216x300-1.jpg\" alt=\"\" width=\"216\" height=\"300\" \/>Saint-louisienne avant d\u2019\u00eatre s\u00e9n\u00e9galaise. Analyste-programmeur reconvertie dans le marketing et la communication.\u00a0Zoubida Bengeloune Fall tient aussi un blog (<a href=\"https:\/\/web.archive.org\/web\/20230127110458\/http:\/\/www.dukokalam.com\/\" target=\"_blank\" rel=\"noopener noreferrer\" data-saferedirecturl=\"https:\/\/www.google.com\/url?q=http:\/\/www.dukokalam.com&amp;source=gmail&amp;ust=1579626973601000&amp;usg=AFQjCNF1LTLlar7_fWLcfOuSwFJc5erHjA\">www.dukokalam.com<\/a>), o\u00f9 elle publie r\u00e9guli\u00e8rement certaines de ses nouvelles.\u00a0Passionn\u00e9e d\u2019\u00e9criture depuis toujours, elle signe en 2018 son premier recueil de nouvelles. Elle m\u00e8ne de front plusieurs projets ayant tous un rapport avec l\u2019\u00e9criture.[\/vc_column_text][vc_separator][vc_column_text]<img loading=\"lazy\" decoding=\"async\" class=\"alignnone size-full wp-image-2775 alignright\" src=\"https:\/\/associationsadio.org\/wp-content\/uploads\/2023\/12\/IMG-20200119-WA0003-216x300-1.jpg\" alt=\"\" width=\"216\" height=\"300\" \/>Aissatou Diallo TOURE, appel\u00e9e Tissou est guin\u00e9enne.\u00a0 Passionn\u00e9e par la formation et le coaching, elle en a fait aujourd\u2019hui son m\u00e9tier. Elle accompagne les managers et les collaborateurs dans le d\u00e9veloppement de leurs comp\u00e9tences au sein d\u2019Orange Guin\u00e9e. Dans son temps libre elle accompagne \u00e9galement les entreprises qui souhaitent d\u00e9velopper leur performance gr\u00e2ce au capital humain. Ayant toujours voulu contribuer \u00e0 faire bouger les choses dans son pays, \u00a0Tissou est \u00e0 l\u2019origine du mouvement \u00ab Je Veux Agir \u00bb qui lui vaut d\u2019\u00eatre suivie aujourd\u2019hui par plus de 23 000 followers. La cause humaine lui tenant \u00e0 c\u0153ur elle \u00e0 cr\u00e9\u00e9\u00a0 l\u2019association La Grande Cha\u00eene Humaine et en est la pr\u00e9sidente. Passionn\u00e9e par l\u2019\u00e9criture, son premier livre \u00ab\u00a0Tous les secrets de nos c\u0153urs\/ Au-del\u00e0 des apparences\u00a0\u00bb a \u00e9t\u00e9 publi\u00e9 en mai 2019 et elle a ouvert un blog \u00ab\u00a0Tissou s\u2019emballe\u00a0\u00bb au mois de d\u00e9cembre 2019[\/vc_column_text][vc_separator][vc_column_text]<img loading=\"lazy\" decoding=\"async\" class=\"alignnone size-full wp-image-2775 alignleft\" src=\"https:\/\/associationsadio.org\/wp-content\/uploads\/2023\/12\/IMG-20200119-WA0003-216x300-1.jpg\" alt=\"\" width=\"216\" height=\"300\" \/><br \/>\nDienaba Traor\u00e9, mieux connue sous le pseudo Gabougouni (petite cuisine en bambara) qui fait r\u00e9f\u00e9rence \u00e0 son blog, est une jeune malienne\u00a0 passionn\u00e9e depuis son plus jeune \u00e2ge de cuisine et tout ce qui touche aux aliments. Dienaba est blogueuse culinaire et g\u00e8re une entreprise sp\u00e9cialis\u00e9e en Food Design (pour les restaurateurs et les particuliers) et en Food Safety (pour les entreprises agro-alimentaire et restaurants).[\/vc_column_text][vc_separator][vc_column_text]<img loading=\"lazy\" decoding=\"async\" class=\"alignnone size-full wp-image-2775 alignright\" src=\"https:\/\/associationsadio.org\/wp-content\/uploads\/2023\/12\/IMG-20200119-WA0003-216x300-1.jpg\" alt=\"\" width=\"216\" height=\"300\" \/><br \/>\nBonjour, Je suis enseignante en Ontario (Canada), mon pr\u00e9nom est Ramatoulaye. \u201d L\u2019\u00e9ducation est l\u2019arme la plus puissante que vous puissiez utiliser pour changer le monde. \u201d \u00c0 travers ces propos, Nelson Mandela m\u2019a inspir\u00e9e le d\u00e9sir de faire de l\u2019\u00e9ducation mon combat. Aujourd\u2019hui, je travaille \u00e0 sensibiliser les parents vers une parentalit\u00e9 positive afin d\u2019aider nos enfants \u00e0 cheminer positivement \u00e0 l\u2019\u00e9cole et dans la vie de tous les jours. \u00a0\u00a0<a href=\"https:\/\/web.archive.org\/web\/20230127110458\/https:\/\/www.youtube.com\/c\/LACLASSEDERAHMA\">\u201cla Classe de Rahma\u201d<\/a>[\/vc_column_text][vc_separator][vc_column_text]<img loading=\"lazy\" decoding=\"async\" class=\"alignnone size-full wp-image-2775 alignleft\" src=\"https:\/\/associationsadio.org\/wp-content\/uploads\/2023\/12\/IMG-20200119-WA0003-216x300-1.jpg\" alt=\"\" width=\"216\" height=\"300\" \/><\/p>\n<p>Kayatoo est une Youtubeuse ivoirienne, Jeune maman, fervente entrepreneuse et directrice g\u00e9n\u00e9rale de sa propre agence de marketing digital Cocci Com Sarl. Pendant son temps libre, elle partage avec sa communaut\u00e9 de plus de 500 milles abonn\u00e9s des tutos et astuces \u00e0 travers des vid\u00e9os et articles. O\u00f9 elle montre comment entretenir et \u00e0 aimer les cheveux afro et la peau avec des produits naturels.<\/p>\n<p>Youtube:\u00a0<a href=\"https:\/\/web.archive.org\/web\/20230127110458\/https:\/\/www.youtube.com\/channel\/UCKA3ane_AaPO5SPrC-mf25w\">Kayatoo<\/a>\u00a0Facebook:\u00a0<a href=\"https:\/\/web.archive.org\/web\/20230127110458\/https:\/\/www.facebook.com\/kayat00\/\">Kayat00<\/a>\u00a0Instagram:\u00a0<a href=\"https:\/\/web.archive.org\/web\/20230127110458\/https:\/\/www.instagram.com\/kayatoo\/?hl=en\">Kayatoo<\/a>\u00a0Twitter:\u00a0<a href=\"https:\/\/web.archive.org\/web\/20230127110458\/https:\/\/twitter.com\/kayatoo1\">Kayatoo1<\/a>\u00a0Site internet:\u00a0<a href=\"https:\/\/web.archive.org\/web\/20230127110458\/http:\/\/www.kayatoo.fr\/\">www.kayatoo.fr<\/a>[\/vc_column_text][vc_separator][vc_column_text]<img loading=\"lazy\" decoding=\"async\" class=\"alignnone size-full wp-image-2775 alignright\" src=\"https:\/\/associationsadio.org\/wp-content\/uploads\/2023\/12\/IMG-20200119-WA0003-216x300-1.jpg\" alt=\"\" width=\"216\" height=\"300\" \/><\/p>\n<p style=\"text-align: left;\">Je suis Fatimata Toure, Consultante formatrice. Je suis \u00e9galement la Directrice pays du Global Peace Chain Mali, une organisation internationale qui vise \u00e0 promouvoir la paix \u00e0 travers le dialogue par l\u2019engagement des jeunes.\u00a0\u00a0Laur\u00e9ate des Mali Media Awards 2018 dans la cat\u00e9gorie prix journalisme citoyen blog, \u00a0je suis bloggeuse sur plusieurs plateformes tel que\u00a0<a href=\"https:\/\/web.archive.org\/web\/20230127110458\/http:\/\/www.alteregofatim.mondoblog.org\/\">www.alteregofatim.mondoblog.org<\/a>\u00a0ou encore \u00a0<a href=\"https:\/\/web.archive.org\/web\/20230127110458\/https:\/\/benbere.org\/auteur\/fatimtoure\/\">https:\/\/benbere.org\/auteur\/fatimtoure\/<\/a>Mon monde meilleur est un monde o\u00f9 chaque femme est \u00e9panouie en s\u2019acceptant comme elle.\u00a0 t beaucoup . D\u2019ailleurs lutter contre les st\u00e9r\u00e9otypes de genre est l\u2019une des raisons pour lesquelles j\u2019aime \u00e9crire et que j\u2019\u00e9cris beaucoup. Oui \u00e9crire pour changer les mentalit\u00e9s telle est ma devise<\/p>\n<p>[\/vc_column_text][vc_separator][vc_column_text]<img loading=\"lazy\" decoding=\"async\" class=\"alignnone size-full wp-image-2775 alignleft\" src=\"https:\/\/associationsadio.org\/wp-content\/uploads\/2023\/12\/IMG-20200119-WA0003-216x300-1.jpg\" alt=\"\" width=\"216\" height=\"300\" \/><\/p>\n<p style=\"text-align: left;\">D\u00e9tentrice d\u2019un DUT en\u00a0 communication et journalisme et une licence en linguistique \u00e0 la facult\u00e9 des Lettres Langues et Sciences du Langage ,\u00a0 Mariam cumule quelques ann\u00e9es d\u2019exp\u00e9rience dans le secteur des m\u00e9dias traditionnels ainsi que des m\u00e9dias nouveaux. Bloggeuse mode depuis 2016 o\u00f9\u00a0 elle travaille activement sous le pseudo de Naf\u2019Malook, \u00a0Mariam est aussi Community Manager.<\/p>\n<p>[\/vc_column_text][vc_separator][vc_column_text]<img loading=\"lazy\" decoding=\"async\" class=\"alignnone size-full wp-image-2775 alignright\" src=\"https:\/\/associationsadio.org\/wp-content\/uploads\/2023\/12\/IMG-20200119-WA0003-216x300-1.jpg\" alt=\"\" width=\"216\" height=\"300\" \/><\/p>\n<p style=\"text-align: left;\">D\u2019origine B\u00e9ninoise, R\u00e8milokoun Constance EYE a vu le jour il y a de cela une quarantaine d\u2019ann\u00e9es en C\u00f4te d\u2019Ivoire o\u00f9 elle passe sa tendre enfance avant de poser ses valises sur la terre de la Teranga vers la fin des ann\u00e9es 80, Constance est\u00a0 Auditeur Contr\u00f4leur de Gestion, consultant Sp\u00e9cialiste en Gestion Financi\u00e8re pour les Projets de d\u00e9veloppement. Elle a travaill\u00e9 pour diff\u00e9rentes entit\u00e9s allant du priv\u00e9 au statut de travailleur ind\u00e9pendant en passant par le syst\u00e8me des Nations Unies dans diff\u00e9rents pays de la sous-r\u00e9gion. Ce parcours donne le ton de l\u2019Amour que Constance a d\u00e9velopp\u00e9 au fil des ans pour l\u2019Afrique \u00e0 laquelle elle appartient et dont elle revendique l\u2019appartenance \u00e0 plus d\u2019un titre. Elle a ainsi une pr\u00e9f\u00e9rence particuli\u00e8re pour le made in Africa qu\u2019elle pr\u00f4ne, que ce soit vestimentaire, culinaire ou culturel.<\/p>\n<p>[\/vc_column_text][vc_separator][vc_column_text]<img loading=\"lazy\" decoding=\"async\" class=\"alignnone size-full wp-image-2775 alignleft\" src=\"https:\/\/associationsadio.org\/wp-content\/uploads\/2023\/12\/IMG-20200119-WA0003-216x300-1.jpg\" alt=\"\" width=\"216\" height=\"300\" \/><\/p>\n<div dir=\"auto\">Mari\u00e9tou est une s\u00e9n\u00e9galaise qui apr\u00e8s avoir \u00e9volu\u00e9 dans la t\u00e9l\u00e9phonie mobile et le secteur bancaire s\u2019est lanc\u00e9e dans l\u2019entreprenariat en cr\u00e9ant sa marque d\u2019accessoires et de v\u00eatements\u00a0<a href=\"https:\/\/web.archive.org\/web\/20230127110458\/https:\/\/www.facebook.com\/ByMatoo\/?comment_id=Y29tbWVudDoxMDgyNzc0ODQxODU3OTVfMTA4NTM5OTc0MTU5NTQ2\">Malysleo bymatoo<\/a>.<\/div>\n<div dir=\"auto\"><\/div>\n<div dir=\"auto\">Toujours attir\u00e9e par l\u2019\u00e9criture, elle couche ici\u00a0 et l\u00e0 des mots afin de mettre en exergue des ph\u00e9nom\u00e8nes des diff\u00e9rentes soci\u00e9t\u00e9s dans lesquelles elle a eu \u00e0 vivre. Des histoires qui s\u2019inspirent tr\u00e8s souvent de son v\u00e9cu et de ceux qu\u2019elle croise.<\/div>\n<p>[\/vc_column_text][\/vc_column][vc_column width=&#8221;1\/4&#8243;][\/vc_column][\/vc_row]<\/p>\n<\/div>","protected":false},"excerpt":{"rendered":"<p>[vc_row wrap_container=&#8221;yes&#8221; css=&#8221;.vc_custom_1543633105180{padding-top: 40px !important;}&#8221;][vc_column width=&#8221;1\/4&#8243;][\/vc_column][vc_column width=&#8221;1\/2&#8243;][vc_column_text] D\u00e9tentrice d\u2019un Bachelor en finances et d\u2019un Msc en \u00e9conomie financi\u00e8re appliqu\u00e9e d\u2019HEC Montreal, Mme Niono Aminata est une femme \u201cmultidimensionnelle\u201d et Multi tasks. Apr\u00e8s les march\u00e9s financiers Montr\u00e9alais, Aminata rentre au Mali et fait de la cause f\u00e9minine son cheval de bataille. Croyant fermement \u00e0 l\u2019importance de [&hellip;]<\/p>\n","protected":false},"author":1,"featured_media":0,"parent":0,"menu_order":0,"comment_status":"closed","ping_status":"closed","template":"","meta":{"content-type":"","footnotes":""},"class_list":["post-2774","page","type-page","status-publish","hentry"],"_links":{"self":[{"href":"https:\/\/associationsadio.org\/index.php\/wp-json\/wp\/v2\/pages\/2774","targetHints":{"allow":["GET"]}}],"collection":[{"href":"https:\/\/associationsadio.org\/index.php\/wp-json\/wp\/v2\/pages"}],"about":[{"href":"https:\/\/associationsadio.org\/index.php\/wp-json\/wp\/v2\/types\/page"}],"author":[{"embeddable":true,"href":"https:\/\/associationsadio.org\/index.php\/wp-json\/wp\/v2\/users\/1"}],"replies":[{"embeddable":true,"href":"https:\/\/associationsadio.org\/index.php\/wp-json\/wp\/v2\/comments?post=2774"}],"version-history":[{"count":11,"href":"https:\/\/associationsadio.org\/index.php\/wp-json\/wp\/v2\/pages\/2774\/revisions"}],"predecessor-version":[{"id":2791,"href":"https:\/\/associationsadio.org\/index.php\/wp-json\/wp\/v2\/pages\/2774\/revisions\/2791"}],"wp:attachment":[{"href":"https:\/\/associationsadio.org\/index.php\/wp-json\/wp\/v2\/media?parent=2774"}],"curies":[{"name":"wp","href":"https:\/\/api.w.org\/{rel}","templated":true}]}}