{"id":1234,"date":"2018-11-14T13:41:39","date_gmt":"2018-11-14T13:41:39","guid":{"rendered":"http:\/\/sw-themes.com\/porto_dummy\/?page_id=1234"},"modified":"2023-12-07T20:38:23","modified_gmt":"2023-12-07T20:38:23","slug":"meet-our-team","status":"publish","type":"page","link":"https:\/\/associationsadio.org\/index.php\/meet-our-team\/","title":{"rendered":"La Sadio Community"},"content":{"rendered":"<div class=\"wpb-content-wrapper\"><p>[vc_row wrap_container=&#8221;yes&#8221; css=&#8221;.vc_custom_1543633105180{padding-top: 40px !important;}&#8221;][vc_column]<div class=\"porto-members porto-membershir3 wpb_content_element wpb_custom_1901ccc09898bca24eac0901508d5abb\">\r\n\t<div class=\"page-members clearfix porto-ajax-load load-infinite\" id=\"porto_members_am69\" data-post_type=\"member\" data-post_layout=\"advanced\" data-ajax_load_options=\"{&quot;style&quot;:&quot;advanced&quot;,&quot;socials&quot;:&quot;&quot;,&quot;number&quot;:&quot;6&quot;,&quot;pagination&quot;:&quot;infinite&quot;}\">\r\n\r\n\t\t\r\n\t\t\r\n\t\t\r\n\t\t\t\t\t<div class=\"members-container member-row member-row-advanced\" data-cur_page=\"1\" data-max_page=\"2\">\r\n\t\t\t<article class=\"member ceo post-2790 type-member status-publish has-post-thumbnail hentry member_cat-ceo\">\r\n\r\n\r\n\t\r\n\t\t\t<div class=\"member-overview row\">\r\n\t\t\t\t<div class=\"col-md-5 order-md-2 mb-4 mb-lg-0\">\r\n\t\t\t\t\t\t\t<div class=\"member-image single\">\r\n\t\t\t\t\t\t\t\t\t\t<div class=\"member-slideshow porto-carousel owl-carousel has-ccols ccols-1\">\r\n\t\t\t\t\t\t\t\t\t\t\t\t\t\t<div>\r\n\t\t\t\t\t\t\t\t\t<div class=\"img-thumbnail\">\r\n\t\t\t\t\t\t\t\t\t\t<img loading=\"lazy\" decoding=\"async\" width=\"346\" height=\"517\" src=\"https:\/\/associationsadio.org\/wp-content\/uploads\/porto_placeholders\/100x149.jpg\" class=\"owl-lazy img-responsive\" alt=\"\" data-src=\"https:\/\/associationsadio.org\/wp-content\/uploads\/2016\/06\/1111.png\" \/>\t\t\t\t\t\t\t\t\t\t\t\t\t\t\t\t\t\t\t\t\t<span class=\"zoom\" data-src=\"https:\/\/associationsadio.org\/wp-content\/uploads\/2016\/06\/1111.png\" data-title=\"\"><i class=\"fas fa-search\"><\/i><\/span>\r\n\t\t\t\t\t\t\t\t\t\t\t\t\t\t\t\t\t\t\t\t\t\t\t<a class=\"link\" href=\"https:\/\/associationsadio.org\/index.php\/member\/je-suis-fatimata-toure\/\"><i class=\"fas fa-link\"><\/i><\/a>\t\t\t\t\t\t\t\t\t\t\t\t\t\t\t\t\t\t\t<\/div>\r\n\t\t\t\t\t\t\t\t<\/div>\r\n\t\t\t\t\t\t\t\t\t\t\t\t\t<\/div>\r\n\t\t\t\t<\/div>\r\n\t\t\t\t\t\t\t\t<\/div>\r\n\t\t<div class=\"col-md-7\">\r\n\t\t\t\t\t\t\t\t<h2 class=\"entry-title\"><strong>Je suis  Fatimata Toure<\/strong><\/h2>\r\n\t\t\t<span class=\"vcard\" style=\"display: none;\"><span class=\"fn\"><a href=\"https:\/\/associationsadio.org\/index.php\/author\/amina-nionogmail-com\/\" title=\"Posts by amina\" rel=\"author\">amina<\/a><\/span><\/span><span class=\"updated\" style=\"display:none\">2023-12-08T21:48:51+00:00<\/span>\t\t\t\r\n\t\t\t\t\t\t<p>Je suis Fatimata Toure, Consultante formatrice. Je suis \u00e9galement la Directrice pays du Global Peace Chain Mali, une organisation internationale qui vise \u00e0 promouvoir la paix \u00e0 travers le dialogue par l\u2019engagement des jeunes.\u00a0\u00a0Laur\u00e9ate des Mali Media Awards 2018 dans la cat\u00e9gorie prix journalisme citoyen blog, \u00a0je suis bloggeuse sur plusieurs plateformes tel que\u00a0<a href=\"https:\/\/web.archive.org\/web\/20211021113043\/http:\/www.alteregofatim.mondoblog.org\/\">www.alteregofatim.mondoblog.org<\/a>\u00a0ou encore \u00a0<a href=\"https:\/\/web.archive.org\/web\/20211021113043\/https:\/benbere.org\/auteur\/fatimtoure\/\">https:\/\/benbere.org\/auteur\/fatimtoure\/<\/a>Mon monde meilleur est un monde o\u00f9 chaque femme est \u00e9panouie en s\u2019acceptant comme elle.\u00a0 t beaucoup . D\u2019ailleurs lutter contre les st\u00e9r\u00e9otypes de genre est l\u2019une des raisons pour lesquelles j\u2019aime \u00e9crire et que j\u2019\u00e9cris beaucoup. Oui \u00e9crire pour changer les mentalit\u00e9s telle est ma devise<\/p>\n\t\t\t\t\t\t\t<hr class=\"tall\">\r\n\t\t\t\t\t\t<div class=\"row align-items-center\">\r\n\t\t\t\t\t\t\t<div class=\"col-lg-6\">\r\n\t\t\t\t\t\t\t\t\t\t\t\t\t<a class=\"btn btn-primary btn-modern mb-3 mb-lg-0\" href=\"https:\/\/associationsadio.org\/index.php\/member\/je-suis-fatimata-toure\/\">More<\/a>\r\n\t\t\t\t\t\t\t\t<\/div>\r\n\t\t\t\t\t\t\t\t\t<\/div>\r\n\t\t<\/div>\r\n\t<\/div>\r\n\t\t\t<\/article>\r\n<article class=\"member ceo post-2789 type-member status-publish has-post-thumbnail hentry member_cat-ceo\">\r\n\r\n\r\n\t\r\n\t\t\t<div class=\"member-overview row\">\r\n\t\t\t\t<div class=\"col-md-5 mb-4 mb-lg-0\">\r\n\t\t\t\t\t\t\t<div class=\"member-image single\">\r\n\t\t\t\t\t\t\t\t\t\t<div class=\"member-slideshow porto-carousel owl-carousel has-ccols ccols-1\">\r\n\t\t\t\t\t\t\t\t\t\t\t\t\t\t<div>\r\n\t\t\t\t\t\t\t\t\t<div class=\"img-thumbnail\">\r\n\t\t\t\t\t\t\t\t\t\t<img loading=\"lazy\" decoding=\"async\" width=\"346\" height=\"517\" src=\"https:\/\/associationsadio.org\/wp-content\/uploads\/porto_placeholders\/100x149.jpg\" class=\"owl-lazy img-responsive\" alt=\"\" data-src=\"https:\/\/associationsadio.org\/wp-content\/uploads\/2016\/06\/1111.png\" \/>\t\t\t\t\t\t\t\t\t\t\t\t\t\t\t\t\t\t\t\t\t<span class=\"zoom\" data-src=\"https:\/\/associationsadio.org\/wp-content\/uploads\/2016\/06\/1111.png\" data-title=\"\"><i class=\"fas fa-search\"><\/i><\/span>\r\n\t\t\t\t\t\t\t\t\t\t\t\t\t\t\t\t\t\t\t\t\t\t\t<a class=\"link\" href=\"https:\/\/associationsadio.org\/index.php\/member\/kayatoo\/\"><i class=\"fas fa-link\"><\/i><\/a>\t\t\t\t\t\t\t\t\t\t\t\t\t\t\t\t\t\t\t<\/div>\r\n\t\t\t\t\t\t\t\t<\/div>\r\n\t\t\t\t\t\t\t\t\t\t\t\t\t<\/div>\r\n\t\t\t\t<\/div>\r\n\t\t\t\t\t\t\t\t<\/div>\r\n\t\t<div class=\"col-md-7\">\r\n\t\t\t\t\t\t\t\t<h2 class=\"entry-title\"><strong>Kayatoo <\/strong><\/h2>\r\n\t\t\t<span class=\"vcard\" style=\"display: none;\"><span class=\"fn\"><a href=\"https:\/\/associationsadio.org\/index.php\/author\/amina-nionogmail-com\/\" title=\"Posts by amina\" rel=\"author\">amina<\/a><\/span><\/span><span class=\"updated\" style=\"display:none\">2023-12-08T21:47:56+00:00<\/span>\t\t\t\r\n\t\t\t\t\t\t<p>Kayatoo est une Youtubeuse ivoirienne, Jeune maman, fervente entrepreneuse et directrice g\u00e9n\u00e9rale de sa propre agence de marketing digital Cocci Com Sarl. Pendant son temps libre, elle partage avec sa communaut\u00e9 de plus de 500 milles abonn\u00e9s des tutos et astuces \u00e0 travers des vid\u00e9os et articles. O\u00f9 elle montre comment entretenir et \u00e0 aimer les cheveux afro et la peau avec des produits naturels.<\/p>\n<p>Youtube:\u00a0<a href=\"https:\/\/web.archive.org\/web\/20211021113043\/https:\/www.youtube.com\/channel\/UCKA3ane_AaPO5SPrC-mf25w\">Kayatoo<\/a>\u00a0Facebook:\u00a0<a href=\"https:\/\/web.archive.org\/web\/20211021113043\/https:\/www.facebook.com\/kayat00\/\">Kayat00<\/a>\u00a0Instagram:\u00a0<a href=\"https:\/\/web.archive.org\/web\/20211021113043\/https:\/www.instagram.com\/kayatoo\/?hl=en\">Kayatoo<\/a>\u00a0Twitter:\u00a0<a href=\"https:\/\/web.archive.org\/web\/20211021113043\/https:\/twitter.com\/kayatoo1\">Kayatoo1<\/a>\u00a0Site internet:\u00a0<a href=\"https:\/\/web.archive.org\/web\/20211021113043\/http:\/www.kayatoo.fr\/\">www.kayatoo.fr<\/a><\/p>\n<p>&nbsp;<\/p>\n\t\t\t\t\t\t\t<hr class=\"tall\">\r\n\t\t\t\t\t\t<div class=\"row align-items-center\">\r\n\t\t\t\t\t\t\t<div class=\"col-lg-6\">\r\n\t\t\t\t\t\t\t\t\t\t\t\t\t<a class=\"btn btn-primary btn-modern mb-3 mb-lg-0\" href=\"https:\/\/associationsadio.org\/index.php\/member\/kayatoo\/\">More<\/a>\r\n\t\t\t\t\t\t\t\t<\/div>\r\n\t\t\t\t\t\t\t\t\t<\/div>\r\n\t\t<\/div>\r\n\t<\/div>\r\n\t\t\t<\/article>\r\n<article class=\"member ceo post-2788 type-member status-publish has-post-thumbnail hentry member_cat-ceo\">\r\n\r\n\r\n\t\r\n\t\t\t<div class=\"member-overview row\">\r\n\t\t\t\t<div class=\"col-md-5 order-md-2 mb-4 mb-lg-0\">\r\n\t\t\t\t\t\t\t<div class=\"member-image single\">\r\n\t\t\t\t\t\t\t\t\t\t<div class=\"member-slideshow porto-carousel owl-carousel has-ccols ccols-1\">\r\n\t\t\t\t\t\t\t\t\t\t\t\t\t\t<div>\r\n\t\t\t\t\t\t\t\t\t<div class=\"img-thumbnail\">\r\n\t\t\t\t\t\t\t\t\t\t<img loading=\"lazy\" decoding=\"async\" width=\"346\" height=\"517\" src=\"https:\/\/associationsadio.org\/wp-content\/uploads\/porto_placeholders\/100x149.jpg\" class=\"owl-lazy img-responsive\" alt=\"\" data-src=\"https:\/\/associationsadio.org\/wp-content\/uploads\/2016\/06\/1111.png\" \/>\t\t\t\t\t\t\t\t\t\t\t\t\t\t\t\t\t\t\t\t\t<span class=\"zoom\" data-src=\"https:\/\/associationsadio.org\/wp-content\/uploads\/2016\/06\/1111.png\" data-title=\"\"><i class=\"fas fa-search\"><\/i><\/span>\r\n\t\t\t\t\t\t\t\t\t\t\t\t\t\t\t\t\t\t\t\t\t\t\t<a class=\"link\" href=\"https:\/\/associationsadio.org\/index.php\/member\/bonjour-je-suis\/\"><i class=\"fas fa-link\"><\/i><\/a>\t\t\t\t\t\t\t\t\t\t\t\t\t\t\t\t\t\t\t<\/div>\r\n\t\t\t\t\t\t\t\t<\/div>\r\n\t\t\t\t\t\t\t\t\t\t\t\t\t<\/div>\r\n\t\t\t\t<\/div>\r\n\t\t\t\t\t\t\t\t<\/div>\r\n\t\t<div class=\"col-md-7\">\r\n\t\t\t\t\t\t\t\t<h2 class=\"entry-title\"><strong>Bonjour,  Je suis<\/strong><\/h2>\r\n\t\t\t<span class=\"vcard\" style=\"display: none;\"><span class=\"fn\"><a href=\"https:\/\/associationsadio.org\/index.php\/author\/amina-nionogmail-com\/\" title=\"Posts by amina\" rel=\"author\">amina<\/a><\/span><\/span><span class=\"updated\" style=\"display:none\">2023-12-08T21:46:37+00:00<\/span>\t\t\t\r\n\t\t\t\t\t\t<p>Bonjour, Je suis enseignante en Ontario (Canada), mon pr\u00e9nom est Ramatoulaye. \u201d L\u2019\u00e9ducation est l\u2019arme la plus puissante que vous puissiez utiliser pour changer le monde. \u201d \u00c0 travers ces propos, Nelson Mandela m\u2019a inspir\u00e9e le d\u00e9sir de faire de l\u2019\u00e9ducation mon combat. Aujourd\u2019hui, je travaille \u00e0 sensibiliser les parents vers une parentalit\u00e9 positive afin d\u2019aider nos enfants \u00e0 cheminer positivement \u00e0 l\u2019\u00e9cole et dans la vie de tous les jours. \u00a0\u00a0<a href=\"https:\/\/web.archive.org\/web\/20211021113043\/https:\/www.youtube.com\/c\/LACLASSEDERAHMA\">\u201cla Classe de Rahma\u201d<\/a><\/p>\n\t\t\t\t\t\t\t<hr class=\"tall\">\r\n\t\t\t\t\t\t<div class=\"row align-items-center\">\r\n\t\t\t\t\t\t\t<div class=\"col-lg-6\">\r\n\t\t\t\t\t\t\t\t\t\t\t\t\t<a class=\"btn btn-primary btn-modern mb-3 mb-lg-0\" href=\"https:\/\/associationsadio.org\/index.php\/member\/bonjour-je-suis\/\">More<\/a>\r\n\t\t\t\t\t\t\t\t<\/div>\r\n\t\t\t\t\t\t\t\t\t<\/div>\r\n\t\t<\/div>\r\n\t<\/div>\r\n\t\t\t<\/article>\r\n<article class=\"member developer post-2787 type-member status-publish has-post-thumbnail hentry member_cat-developer\">\r\n\r\n\r\n\t\r\n\t\t\t<div class=\"member-overview row\">\r\n\t\t\t\t<div class=\"col-md-5 mb-4 mb-lg-0\">\r\n\t\t\t\t\t\t\t<div class=\"member-image single\">\r\n\t\t\t\t\t\t\t\t\t\t<div class=\"member-slideshow porto-carousel owl-carousel has-ccols ccols-1\">\r\n\t\t\t\t\t\t\t\t\t\t\t\t\t\t<div>\r\n\t\t\t\t\t\t\t\t\t<div class=\"img-thumbnail\">\r\n\t\t\t\t\t\t\t\t\t\t<img loading=\"lazy\" decoding=\"async\" width=\"640\" height=\"640\" src=\"https:\/\/associationsadio.org\/wp-content\/themes\/porto\/images\/lazy.png\" class=\"owl-lazy img-responsive\" alt=\"\" data-src=\"https:\/\/associationsadio.org\/wp-content\/uploads\/2016\/06\/team-7-640x640.jpg\" srcset=\"https:\/\/associationsadio.org\/wp-content\/uploads\/2016\/06\/team-7-640x640.jpg 640w, https:\/\/associationsadio.org\/wp-content\/uploads\/2016\/06\/team-7-400x400.jpg 400w, https:\/\/associationsadio.org\/wp-content\/uploads\/2016\/06\/team-7-560x560.jpg 560w, https:\/\/associationsadio.org\/wp-content\/uploads\/2016\/06\/team-7-367x367.jpg 367w\" sizes=\"auto, (max-width: 640px) 100vw, 640px\" \/>\t\t\t\t\t\t\t\t\t\t\t\t\t\t\t\t\t\t\t\t\t<span class=\"zoom\" data-src=\"https:\/\/associationsadio.org\/wp-content\/uploads\/2016\/06\/team-7.jpg\" data-title=\"\"><i class=\"fas fa-search\"><\/i><\/span>\r\n\t\t\t\t\t\t\t\t\t\t\t\t\t\t\t\t\t\t\t\t\t\t\t<a class=\"link\" href=\"https:\/\/associationsadio.org\/index.php\/member\/dienaba-traore\/\"><i class=\"fas fa-link\"><\/i><\/a>\t\t\t\t\t\t\t\t\t\t\t\t\t\t\t\t\t\t\t<\/div>\r\n\t\t\t\t\t\t\t\t<\/div>\r\n\t\t\t\t\t\t\t\t\t\t\t\t\t<\/div>\r\n\t\t\t\t<\/div>\r\n\t\t\t\t\t\t\t\t<\/div>\r\n\t\t<div class=\"col-md-7\">\r\n\t\t\t\t\t\t\t\t<h2 class=\"entry-title\"><strong>Dienaba  Traor\u00e9<\/strong><\/h2>\r\n\t\t\t<span class=\"vcard\" style=\"display: none;\"><span class=\"fn\"><a href=\"https:\/\/associationsadio.org\/index.php\/author\/amina-nionogmail-com\/\" title=\"Posts by amina\" rel=\"author\">amina<\/a><\/span><\/span><span class=\"updated\" style=\"display:none\">2023-12-08T21:40:50+00:00<\/span>\t\t\t\r\n\t\t\t\t\t\t<p>9 Dienaba Traor\u00e9, mieux connue sous le pseudo Gabougouni (petite cuisine en bambara) qui fait r\u00e9f\u00e9rence \u00e0 son blog, est une jeune malienne\u00a0 passionn\u00e9e depuis son plus jeune \u00e2ge de cuisine et tout ce qui touche aux aliments. Dienaba est blogueuse culinaire et g\u00e8re une entreprise sp\u00e9cialis\u00e9e en Food Design (pour les restaurateurs et les particuliers) et en Food Safety (pour les entreprises agro-alimentaire et restaurants).<\/p>\n\t\t\t\t\t\t\t<hr class=\"tall\">\r\n\t\t\t\t\t\t<div class=\"row align-items-center\">\r\n\t\t\t\t\t\t\t<div class=\"col-lg-6\">\r\n\t\t\t\t\t\t\t\t\t\t\t\t\t<a class=\"btn btn-primary btn-modern mb-3 mb-lg-0\" href=\"https:\/\/associationsadio.org\/index.php\/member\/dienaba-traore\/\">More<\/a>\r\n\t\t\t\t\t\t\t\t<\/div>\r\n\t\t\t\t\t\t\t\t\t<\/div>\r\n\t\t<\/div>\r\n\t<\/div>\r\n\t\t\t<\/article>\r\n<article class=\"member ceo post-48 type-member status-publish has-post-thumbnail hentry member_cat-ceo\">\r\n\r\n\r\n\t\r\n\t\t\t<div class=\"member-overview row\">\r\n\t\t\t\t<div class=\"col-md-5 order-md-2 mb-4 mb-lg-0\">\r\n\t\t\t\t\t\t\t<div class=\"member-image single\">\r\n\t\t\t\t\t\t\t\t\t\t<div class=\"member-slideshow porto-carousel owl-carousel has-ccols ccols-1\">\r\n\t\t\t\t\t\t\t\t\t\t\t\t\t\t<div>\r\n\t\t\t\t\t\t\t\t\t<div class=\"img-thumbnail\">\r\n\t\t\t\t\t\t\t\t\t\t<img loading=\"lazy\" decoding=\"async\" width=\"346\" height=\"517\" src=\"https:\/\/associationsadio.org\/wp-content\/uploads\/porto_placeholders\/100x149.jpg\" class=\"owl-lazy img-responsive\" alt=\"\" data-src=\"https:\/\/associationsadio.org\/wp-content\/uploads\/2016\/06\/1111.png\" \/>\t\t\t\t\t\t\t\t\t\t\t\t\t\t\t\t\t\t\t\t\t<span class=\"zoom\" data-src=\"https:\/\/associationsadio.org\/wp-content\/uploads\/2016\/06\/1111.png\" data-title=\"\"><i class=\"fas fa-search\"><\/i><\/span>\r\n\t\t\t\t\t\t\t\t\t\t\t\t\t\t\t\t\t\t\t\t\t\t\t<a class=\"link\" href=\"https:\/\/associationsadio.org\/index.php\/member\/mme-niono-aminata\/\"><i class=\"fas fa-link\"><\/i><\/a>\t\t\t\t\t\t\t\t\t\t\t\t\t\t\t\t\t\t\t<\/div>\r\n\t\t\t\t\t\t\t\t<\/div>\r\n\t\t\t\t\t\t\t\t\t\t\t\t\t<\/div>\r\n\t\t\t\t<\/div>\r\n\t\t\t\t\t\t\t\t<\/div>\r\n\t\t<div class=\"col-md-7\">\r\n\t\t\t\t\t\t\t\t<h2 class=\"entry-title\"><strong>Mme  Niono Aminata <\/strong><\/h2>\r\n\t\t\t<span class=\"vcard\" style=\"display: none;\"><span class=\"fn\"><a href=\"https:\/\/associationsadio.org\/index.php\/author\/amina-nionogmail-com\/\" title=\"Posts by amina\" rel=\"author\">amina<\/a><\/span><\/span><span class=\"updated\" style=\"display:none\">2023-12-07T20:53:56+00:00<\/span>\t\t\t\r\n\t\t\t\t\t\t<ol>\n<li>D\u00e9tentrice d\u2019un Bachelor en finances et d\u2019un Msc en \u00e9conomie\u00a0financi\u00e8re appliqu\u00e9e d\u2019HEC Montreal, Mme Niono Aminata est une femme \u201cmultidimensionnelle\u201d et Multi tasks. Apr\u00e8s les march\u00e9s financiers Montr\u00e9alais, Aminata rentre au Mali et fait de la cause f\u00e9minine son cheval de bataille. Croyant fermement \u00e0 l\u2019importance de la femme sur l\u2019\u00e9chiquier \u00e9conomique et social, Aminata d\u00e9cide avec Arame Fall,\u00a0 de lancer le Gala annuel du Sadio. L\u2019 ambition de ce gala \u00e9tant de primer les femmes d\u2019exception du Mali et de motiver les autres femmes \u00e0 se r\u00e9aliser dans les domaines qu\u2019elles souhaitent. Le Gala se prolonge depuis 2017 en un magazine bimestriel gratuit: Le Sadio Mag et en une Association : SADIO. Leur but \u00e9tant de mettre en lumi\u00e8re des parcours de femmes inspirantes.<\/li>\n<\/ol>\n\t\t\t\t\t\t\t<hr class=\"tall\">\r\n\t\t\t\t\t\t<div class=\"row align-items-center\">\r\n\t\t\t\t\t\t\t<div class=\"col-lg-6\">\r\n\t\t\t\t\t\t\t\t\t\t\t\t\t<a class=\"btn btn-primary btn-modern mb-3 mb-lg-0\" href=\"https:\/\/associationsadio.org\/index.php\/member\/mme-niono-aminata\/\">More<\/a>\r\n\t\t\t\t\t\t\t\t<\/div>\r\n\t\t\t\t\t\t\t\t\t<\/div>\r\n\t\t<\/div>\r\n\t<\/div>\r\n\t\t\t<\/article>\r\n<article class=\"member marketing post-47 type-member status-publish has-post-thumbnail hentry member_cat-marketing\">\r\n\r\n\r\n\t\r\n\t\t\t<div class=\"member-overview row\">\r\n\t\t\t\t<div class=\"col-md-5 mb-4 mb-lg-0\">\r\n\t\t\t\t\t\t\t<div class=\"member-image single\">\r\n\t\t\t\t\t\t\t\t\t\t<div class=\"member-slideshow porto-carousel owl-carousel has-ccols ccols-1\">\r\n\t\t\t\t\t\t\t\t\t\t\t\t\t\t<div>\r\n\t\t\t\t\t\t\t\t\t<div class=\"img-thumbnail\">\r\n\t\t\t\t\t\t\t\t\t\t<img loading=\"lazy\" decoding=\"async\" width=\"347\" height=\"519\" src=\"https:\/\/associationsadio.org\/wp-content\/uploads\/porto_placeholders\/100x149.jpg\" class=\"owl-lazy img-responsive\" alt=\"\" data-src=\"https:\/\/associationsadio.org\/wp-content\/uploads\/2016\/06\/2222.png\" \/>\t\t\t\t\t\t\t\t\t\t\t\t\t\t\t\t\t\t\t\t\t<span class=\"zoom\" data-src=\"https:\/\/associationsadio.org\/wp-content\/uploads\/2016\/06\/2222.png\" data-title=\"\"><i class=\"fas fa-search\"><\/i><\/span>\r\n\t\t\t\t\t\t\t\t\t\t\t\t\t\t\t\t\t\t\t\t\t\t\t<a class=\"link\" href=\"https:\/\/associationsadio.org\/index.php\/member\/ndeye-arame\/\"><i class=\"fas fa-link\"><\/i><\/a>\t\t\t\t\t\t\t\t\t\t\t\t\t\t\t\t\t\t\t<\/div>\r\n\t\t\t\t\t\t\t\t<\/div>\r\n\t\t\t\t\t\t\t\t\t\t\t\t\t<\/div>\r\n\t\t\t\t<\/div>\r\n\t\t\t\t\t\t\t\t<\/div>\r\n\t\t<div class=\"col-md-7\">\r\n\t\t\t\t\t\t\t\t<h2 class=\"entry-title\"><strong> Ndeye  Arame <\/strong><\/h2>\r\n\t\t\t<span class=\"vcard\" style=\"display: none;\"><span class=\"fn\"><a href=\"https:\/\/associationsadio.org\/index.php\/author\/amina-nionogmail-com\/\" title=\"Posts by amina\" rel=\"author\">amina<\/a><\/span><\/span><span class=\"updated\" style=\"display:none\">2023-12-07T20:53:25+00:00<\/span>\t\t\t\r\n\t\t\t\t\t\t<p>2 Ndeye Arame Thioune Fall: Profond\u00e9ment marqu\u00e9e lors d\u2019une visite du village d\u2019enfants SOS de DAKAR, organis\u00e9e par son Lycee, elle se promet plus tard d\u2019apporter sa contribution au mieux-\u00eatre de sa communaut\u00e9\u2026. 25 ans plus tard, toujours id\u00e9aliste, apr\u00e8s des \u00e9tudes sup\u00e9rieures en communication, quelques ann\u00e9es en tant qu\u2019enseignante dans une \u00e9cole de journalisme, consultant-coach, responsable qualit\u00e9 et communication dans l\u2019industrie, Arame fonde avec sa s\u0153ur de c\u0153ur Aminata Osmose Events. Le concept du Sadio \u00e9tait n\u00e9 pour mettre en lumi\u00e8re ces femmes qui, tous les jours oeuvrent pour le bien-\u00eatre de la soci\u00e9t\u00e9<\/p>\n<p>&nbsp;<\/p>\n\t\t\t\t\t\t\t<hr class=\"tall\">\r\n\t\t\t\t\t\t<div class=\"row align-items-center\">\r\n\t\t\t\t\t\t\t<div class=\"col-lg-6\">\r\n\t\t\t\t\t\t\t\t\t\t\t\t\t<a class=\"btn btn-primary btn-modern mb-3 mb-lg-0\" href=\"https:\/\/associationsadio.org\/index.php\/member\/ndeye-arame\/\">More<\/a>\r\n\t\t\t\t\t\t\t\t<\/div>\r\n\t\t\t\t\t\t\t\t\t<\/div>\r\n\t\t<\/div>\r\n\t<\/div>\r\n\t\t\t<\/article>\r\n\t\t\t<\/div>\r\n\t\t\r\n\t\t\t\t\t<input type=\"hidden\" class=\"shortcode-id\" value=\"hir3\"\/>\r\n\t\t\t\t\t\t<div class=\"clearfix\"><\/div>\r\n\t\t\t<div class=\"pagination-wrap\">\r\n\t\t\t\t\t\t\t\t<div class=\"pagination\" role=\"navigation\">\r\n\t\t\t\t\t<span aria-current=\"page\" class=\"page-numbers current\">1<\/span><a class=\"page-numbers\" href=\"https:\/\/associationsadio.org\/index.php\/wp-json\/wp\/v2\/pages\/1234\/page\/2\/\">2<\/a><a class=\"next page-numbers\" href=\"https:\/\/associationsadio.org\/index.php\/wp-json\/wp\/v2\/pages\/1234\/page\/2\/\">Next&nbsp;&nbsp;<i class=\"fas fa-long-arrow-alt-right\"><\/i><\/a>\t\t\t\t<\/div>\r\n\t\t\t<\/div>\r\n\t\t\t\t\t\r\n\t<\/div>\r\n\r\n\t\r\n\t<\/div>[\/vc_column][\/vc_row]<\/p>\n<\/div>","protected":false},"excerpt":{"rendered":"<p>[vc_row wrap_container=&#8221;yes&#8221; css=&#8221;.vc_custom_1543633105180{padding-top: 40px !important;}&#8221;][vc_column][\/vc_column][\/vc_row]<\/p>\n","protected":false},"author":1,"featured_media":0,"parent":0,"menu_order":0,"comment_status":"closed","ping_status":"closed","template":"","meta":{"content-type":"","footnotes":""},"class_list":["post-1234","page","type-page","status-publish","hentry"],"_links":{"self":[{"href":"https:\/\/associationsadio.org\/index.php\/wp-json\/wp\/v2\/pages\/1234","targetHints":{"allow":["GET"]}}],"collection":[{"href":"https:\/\/associationsadio.org\/index.php\/wp-json\/wp\/v2\/pages"}],"about":[{"href":"https:\/\/associationsadio.org\/index.php\/wp-json\/wp\/v2\/types\/page"}],"author":[{"embeddable":true,"href":"https:\/\/associationsadio.org\/index.php\/wp-json\/wp\/v2\/users\/1"}],"replies":[{"embeddable":true,"href":"https:\/\/associationsadio.org\/index.php\/wp-json\/wp\/v2\/comments?post=1234"}],"version-history":[{"count":3,"href":"https:\/\/associationsadio.org\/index.php\/wp-json\/wp\/v2\/pages\/1234\/revisions"}],"predecessor-version":[{"id":2749,"href":"https:\/\/associationsadio.org\/index.php\/wp-json\/wp\/v2\/pages\/1234\/revisions\/2749"}],"wp:attachment":[{"href":"https:\/\/associationsadio.org\/index.php\/wp-json\/wp\/v2\/media?parent=1234"}],"curies":[{"name":"wp","href":"https:\/\/api.w.org\/{rel}","templated":true}]}}